{"id":32,"date":"2026-03-06T22:52:49","date_gmt":"2026-03-06T21:52:49","guid":{"rendered":"https:\/\/actiondeal.shop\/?post_type=product&#038;p=32"},"modified":"2026-03-06T22:52:49","modified_gmt":"2026-03-06T21:52:49","slug":"samsung-galaxy-s26-ultra-ai-smartphone-mit-galaxy-ai-handy-ohne-vertrag-android-privacy-display-12-gb-ram-512-gb-speicher-200-mp-black-3-jahre-herstellergarantie","status":"publish","type":"product","link":"https:\/\/actiondeal.shop\/index.php\/product\/samsung-galaxy-s26-ultra-ai-smartphone-mit-galaxy-ai-handy-ohne-vertrag-android-privacy-display-12-gb-ram-512-gb-speicher-200-mp-black-3-jahre-herstellergarantie\/","title":{"rendered":"Samsung Galaxy S26 Ultra AI Smartphone mit Galaxy AI, Handy ohne Vertrag, Android, Privacy Display, 12 GB RAM, 512 GB Speicher, 200 MP, Black, 3 Jahre Herstellergarantie"},"content":{"rendered":"<ul class=\"a-unordered-list a-vertical a-spacing-mini\">\n<li class=\"a-spacing-mini\"><span class=\"a-list-item\">F\u00dcR EINE SORGENFREIE NUTZUNG: Kostenlose Garantieverl\u00e4ngerung von 2 auf 3 Jahre \u2013 g\u00fcltig f\u00fcr Kunden, die ihren Wohnsitz in Deutschland haben\u00b2\u00b2<\/span><\/li>\n<li class=\"a-spacing-mini\"><span class=\"a-list-item\">ROBUST UND ELEGANT: Das Galaxy S26 Ultra Android-Smartphone ist robust und sieht dabei gut aus \u2013 dank seinem widerstandsf\u00e4higen Geh\u00e4use aus stabilem Advanced Armor Aluminum und Corning Gorilla Glass Victus 2 kannst du auch in herausfordernden Umgebungen auf dem Laufenden bleiben, ohne dir direkt Sorgen um dein Handy machen zu m\u00fcssen\u00b9 \u00b2 \u00b3<\/span><\/li>\n<li class=\"a-spacing-mini\"><span class=\"a-list-item\">STARKE AI PERFORMANCE: Ausgestattet mit dem Snapdragon 8 Elite Gen 5 for Galaxy Prozessor und mit einer im Vergleich zum Vorg\u00e4ngermodell verbesserten NPU und GPU liefert das Galaxy S26 Ultra AI Smartphone deutliche Effizienzsteigerungen und Funktionsverbesserungen \u2013 um produktiv arbeiten zu k\u00f6nnen\u2074<\/span><\/li>\n<li class=\"a-spacing-mini\"><span class=\"a-list-item\">PRIVACY DISPLAY UND STARKE K\u00dcHLUNG: Das Galaxy S26 Ultra ist das erste Samsung Smartphone mit Privacy Display, das deinen Bildschirminhalt, deine Benachrichtigungen oder Apps vor neugierigen Blicken sch\u00fctzt; Dar\u00fcber hinaus verf\u00fcgt es \u00fcber eine neu entwickelte Vapor Chamber \u2013 mit bis zu 21 % verbesserter K\u00fchlleistung\u2075 \u2076<\/span><\/li>\n<li class=\"a-spacing-mini\"><span class=\"a-list-item\">SCHNELL BEREIT: Tanke dein Mobiltelefon dank Super Fast Charging 3.0 schnell wieder auf, ohne dabei dem Akku zu schaden; Zusammen mit der 200-MP-Kamera mit im Vergleich zum Vorg\u00e4ngermodell gr\u00f6\u00dferer Blende und verringertem Bildrauschen nimmst du jederzeit atemberaubend klare Videos auf \u2013 auch bei schlechten Lichtverh\u00e4ltnissen<\/span><\/li>\n<\/ul>\n","protected":false},"excerpt":{"rendered":"<p>F\u00dcR EINE SORGENFREIE NUTZUNG: Kostenlose Garantieverl\u00e4ngerung von 2 auf 3 Jahre \u2013 g\u00fcltig f\u00fcr Kunden, die ihren Wohnsitz in Deutschland [&hellip;]<\/p>\n","protected":false},"featured_media":33,"comment_status":"open","ping_status":"closed","template":"","meta":{"site-sidebar-layout":"default","site-content-layout":"","ast-site-content-layout":"default","site-content-style":"default","site-sidebar-style":"default","ast-global-header-display":"","ast-banner-title-visibility":"","ast-main-header-display":"","ast-hfb-above-header-display":"","ast-hfb-below-header-display":"","ast-hfb-mobile-header-display":"","site-post-title":"","ast-breadcrumbs-content":"","ast-featured-img":"","footer-sml-layout":"","ast-disable-related-posts":"","theme-transparent-header-meta":"default","adv-header-id-meta":"","stick-header-meta":"","header-above-stick-meta":"","header-main-stick-meta":"","header-below-stick-meta":"","astra-migrate-meta-layouts":"set","ast-page-background-enabled":"default","ast-page-background-meta":{"desktop":{"background-color":"var(--ast-global-color-5)","background-image":"","background-repeat":"repeat","background-position":"center center","background-size":"auto","background-attachment":"scroll","background-type":"","background-media":"","overlay-type":"","overlay-color":"","overlay-opacity":"","overlay-gradient":""},"tablet":{"background-color":"","background-image":"","background-repeat":"repeat","background-position":"center center","background-size":"auto","background-attachment":"scroll","background-type":"","background-media":"","overlay-type":"","overlay-color":"","overlay-opacity":"","overlay-gradient":""},"mobile":{"background-color":"","background-image":"","background-repeat":"repeat","background-position":"center center","background-size":"auto","background-attachment":"scroll","background-type":"","background-media":"","overlay-type":"","overlay-color":"","overlay-opacity":"","overlay-gradient":""}},"ast-content-background-meta":{"desktop":{"background-color":"var(--ast-global-color-4)","background-image":"","background-repeat":"repeat","background-position":"center center","background-size":"auto","background-attachment":"scroll","background-type":"","background-media":"","overlay-type":"","overlay-color":"","overlay-opacity":"","overlay-gradient":""},"tablet":{"background-color":"var(--ast-global-color-4)","background-image":"","background-repeat":"repeat","background-position":"center center","background-size":"auto","background-attachment":"scroll","background-type":"","background-media":"","overlay-type":"","overlay-color":"","overlay-opacity":"","overlay-gradient":""},"mobile":{"background-color":"var(--ast-global-color-4)","background-image":"","background-repeat":"repeat","background-position":"center center","background-size":"auto","background-attachment":"scroll","background-type":"","background-media":"","overlay-type":"","overlay-color":"","overlay-opacity":"","overlay-gradient":""}}},"product_brand":[],"product_cat":[15],"product_tag":[],"class_list":{"0":"post-32","1":"product","2":"type-product","3":"status-publish","4":"has-post-thumbnail","6":"product_cat-uncategorized","7":"desktop-align-left","8":"tablet-align-left","9":"mobile-align-left","11":"first","12":"instock","13":"sale","14":"shipping-taxable","15":"purchasable","16":"product-type-simple"},"_links":{"self":[{"href":"https:\/\/actiondeal.shop\/index.php\/wp-json\/wp\/v2\/product\/32","targetHints":{"allow":["GET"]}}],"collection":[{"href":"https:\/\/actiondeal.shop\/index.php\/wp-json\/wp\/v2\/product"}],"about":[{"href":"https:\/\/actiondeal.shop\/index.php\/wp-json\/wp\/v2\/types\/product"}],"replies":[{"embeddable":true,"href":"https:\/\/actiondeal.shop\/index.php\/wp-json\/wp\/v2\/comments?post=32"}],"wp:featuredmedia":[{"embeddable":true,"href":"https:\/\/actiondeal.shop\/index.php\/wp-json\/wp\/v2\/media\/33"}],"wp:attachment":[{"href":"https:\/\/actiondeal.shop\/index.php\/wp-json\/wp\/v2\/media?parent=32"}],"wp:term":[{"taxonomy":"product_brand","embeddable":true,"href":"https:\/\/actiondeal.shop\/index.php\/wp-json\/wp\/v2\/product_brand?post=32"},{"taxonomy":"product_cat","embeddable":true,"href":"https:\/\/actiondeal.shop\/index.php\/wp-json\/wp\/v2\/product_cat?post=32"},{"taxonomy":"product_tag","embeddable":true,"href":"https:\/\/actiondeal.shop\/index.php\/wp-json\/wp\/v2\/product_tag?post=32"}],"curies":[{"name":"wp","href":"https:\/\/api.w.org\/{rel}","templated":true}]}}